{"id":18931,"date":"2024-09-16T13:14:55","date_gmt":"2024-09-16T13:14:55","guid":{"rendered":"https:\/\/importex.miraidev.co\/?page_id=18931"},"modified":"2026-02-11T23:17:32","modified_gmt":"2026-02-11T23:17:32","slug":"logistica","status":"publish","type":"page","link":"https:\/\/www.importex.com.co\/es\/logistica\/","title":{"rendered":"Logistica"},"content":{"rendered":"\t\t<div data-elementor-type=\"wp-page\" data-elementor-id=\"18931\" class=\"elementor elementor-18931\">\n\t\t\t\t\t\t<section data-animation-type=\"block\" class=\"elementor-section elementor-top-section elementor-element elementor-element-659dc3e9 scheme_dark_cozy elementor-section-boxed elementor-section-height-default elementor-section-height-default animation_type_block sc_fly_static elementor-invisible\" data-id=\"659dc3e9\" data-element_type=\"section\" data-e-type=\"section\" data-settings=\"{&quot;background_background&quot;:&quot;classic&quot;,&quot;animation&quot;:&quot;fuse-fadeinup&quot;}\">\n\t\t\t\t\t\t<div class=\"elementor-container elementor-column-gap-default\">\n\t\t\t\t\t<div class=\"elementor-column elementor-col-100 elementor-top-column elementor-element elementor-element-1a45d49 sc_layouts_column_align_center sc_layouts_column sc-mobile_layouts_column_align_center sc_layouts_column sc_content_align_inherit sc_layouts_column_icons_position_left sc_fly_static\" data-id=\"1a45d49\" data-element_type=\"column\" data-e-type=\"column\">\n\t\t\t<div class=\"elementor-widget-wrap elementor-element-populated\">\n\t\t\t\t\t\t<div class=\"elementor-element elementor-element-213b6df0 sc_fly_static elementor-widget elementor-widget-spacer\" data-id=\"213b6df0\" data-element_type=\"widget\" data-e-type=\"widget\" data-widget_type=\"spacer.default\">\n\t\t\t\t<div class=\"elementor-widget-container\">\n\t\t\t\t\t\t\t<div class=\"elementor-spacer\">\n\t\t\t<div class=\"elementor-spacer-inner\"><\/div>\n\t\t<\/div>\n\t\t\t\t\t\t<\/div>\n\t\t\t\t<\/div>\n\t\t\t\t<div class=\"elementor-element elementor-element-3a5188b5 sc_fly_static elementor-widget elementor-widget-spacer\" data-id=\"3a5188b5\" data-element_type=\"widget\" data-e-type=\"widget\" data-widget_type=\"spacer.default\">\n\t\t\t\t<div class=\"elementor-widget-container\">\n\t\t\t\t\t\t\t<div class=\"elementor-spacer\">\n\t\t\t<div class=\"elementor-spacer-inner\"><\/div>\n\t\t<\/div>\n\t\t\t\t\t\t<\/div>\n\t\t\t\t<\/div>\n\t\t\t\t\t<\/div>\n\t\t<\/div>\n\t\t\t\t\t<\/div>\n\t\t<\/section>\n\t\t\t\t<section class=\"elementor-section elementor-top-section elementor-element elementor-element-4c8e3fc elementor-section-boxed elementor-section-height-default elementor-section-height-default sc_fly_static\" data-id=\"4c8e3fc\" data-element_type=\"section\" data-e-type=\"section\">\n\t\t\t\t\t\t<div class=\"elementor-container elementor-column-gap-extended\">\n\t\t\t\t\t<div class=\"elementor-column elementor-col-100 elementor-top-column elementor-element elementor-element-a6a8618 sc-mobile_content_align_inherit sc-mobile_layouts_column_align_left sc_layouts_column sc_content_align_inherit sc_layouts_column_icons_position_left sc_fly_static\" data-id=\"a6a8618\" data-element_type=\"column\" data-e-type=\"column\">\n\t\t\t<div class=\"elementor-widget-wrap elementor-element-populated\">\n\t\t\t\t\t\t<div class=\"elementor-element elementor-element-d7d89c7 sc_height_small sc_fly_static elementor-widget elementor-widget-spacer\" data-id=\"d7d89c7\" data-element_type=\"widget\" data-e-type=\"widget\" data-widget_type=\"spacer.default\">\n\t\t\t\t<div class=\"elementor-widget-container\">\n\t\t\t\t\t\t\t<div class=\"elementor-spacer\">\n\t\t\t<div class=\"elementor-spacer-inner\"><\/div>\n\t\t<\/div>\n\t\t\t\t\t\t<\/div>\n\t\t\t\t<\/div>\n\t\t\t\t<div class=\"elementor-element elementor-element-8b6516c sc_fly_static elementor-widget elementor-widget-text-editor\" data-id=\"8b6516c\" data-element_type=\"widget\" data-e-type=\"widget\" data-widget_type=\"text-editor.default\">\n\t\t\t\t<div class=\"elementor-widget-container\">\n\t\t\t\t\t\t\t\t\t<p><span style=\"font-weight: 400;\">Coordinamos operaciones locales e internacionales con una log\u00edstica flexible y din\u00e1mica, ajustada a cualquier destino o volumen.<\/span><\/p>\t\t\t\t\t\t\t\t<\/div>\n\t\t\t\t<\/div>\n\t\t\t\t<div class=\"elementor-element elementor-element-b4c7749 sc_height_tiny sc_fly_static elementor-widget elementor-widget-spacer\" data-id=\"b4c7749\" data-element_type=\"widget\" data-e-type=\"widget\" data-widget_type=\"spacer.default\">\n\t\t\t\t<div class=\"elementor-widget-container\">\n\t\t\t\t\t\t\t<div class=\"elementor-spacer\">\n\t\t\t<div class=\"elementor-spacer-inner\"><\/div>\n\t\t<\/div>\n\t\t\t\t\t\t<\/div>\n\t\t\t\t<\/div>\n\t\t\t\t<div class=\"elementor-element elementor-element-67bda47 sc_fly_static elementor-widget elementor-widget-image\" data-id=\"67bda47\" data-element_type=\"widget\" data-e-type=\"widget\" data-widget_type=\"image.default\">\n\t\t\t\t<div class=\"elementor-widget-container\">\n\t\t\t\t\t\t\t\t\t\t\t\t\t\t\t<img fetchpriority=\"high\" decoding=\"async\" width=\"1024\" height=\"602\" src=\"https:\/\/www.importex.com.co\/es\/wp-content\/uploads\/2026\/02\/Importex-Logistica-Productos-ESP-1024x602.png\" class=\"attachment-large size-large wp-image-23093\" alt=\"\" srcset=\"https:\/\/www.importex.com.co\/es\/wp-content\/uploads\/2026\/02\/Importex-Logistica-Productos-ESP-1024x602.png 1024w, https:\/\/www.importex.com.co\/es\/wp-content\/uploads\/2026\/02\/Importex-Logistica-Productos-ESP-300x176.png 300w, https:\/\/www.importex.com.co\/es\/wp-content\/uploads\/2026\/02\/Importex-Logistica-Productos-ESP-768x452.png 768w, https:\/\/www.importex.com.co\/es\/wp-content\/uploads\/2026\/02\/Importex-Logistica-Productos-ESP-370x218.png 370w, https:\/\/www.importex.com.co\/es\/wp-content\/uploads\/2026\/02\/Importex-Logistica-Productos-ESP-840x494.png 840w, https:\/\/www.importex.com.co\/es\/wp-content\/uploads\/2026\/02\/Importex-Logistica-Productos-ESP-410x241.png 410w, https:\/\/www.importex.com.co\/es\/wp-content\/uploads\/2026\/02\/Importex-Logistica-Productos-ESP.png 1360w\" sizes=\"(max-width: 1024px) 100vw, 1024px\" \/>\t\t\t\t\t\t\t\t\t\t\t\t\t\t\t<\/div>\n\t\t\t\t<\/div>\n\t\t\t\t\t<\/div>\n\t\t<\/div>\n\t\t\t\t\t<\/div>\n\t\t<\/section>\n\t\t\t\t<section class=\"elementor-section elementor-top-section elementor-element elementor-element-5a4ad79b elementor-section-boxed elementor-section-height-default elementor-section-height-default sc_fly_static\" data-id=\"5a4ad79b\" data-element_type=\"section\" data-e-type=\"section\">\n\t\t\t\t\t\t<div class=\"elementor-container elementor-column-gap-extended\">\n\t\t\t\t\t<div class=\"elementor-column elementor-col-100 elementor-top-column elementor-element elementor-element-387e48af sc-mobile_content_align_inherit sc-mobile_layouts_column_align_left sc_layouts_column sc_content_align_inherit sc_layouts_column_icons_position_left sc_fly_static\" data-id=\"387e48af\" data-element_type=\"column\" data-e-type=\"column\">\n\t\t\t<div class=\"elementor-widget-wrap elementor-element-populated\">\n\t\t\t\t\t\t<div class=\"elementor-element elementor-element-56a42ef2 sc_height_small sc_fly_static elementor-widget elementor-widget-spacer\" data-id=\"56a42ef2\" data-element_type=\"widget\" data-e-type=\"widget\" data-widget_type=\"spacer.default\">\n\t\t\t\t<div class=\"elementor-widget-container\">\n\t\t\t\t\t\t\t<div class=\"elementor-spacer\">\n\t\t\t<div class=\"elementor-spacer-inner\"><\/div>\n\t\t<\/div>\n\t\t\t\t\t\t<\/div>\n\t\t\t\t<\/div>\n\t\t\t\t\t<\/div>\n\t\t<\/div>\n\t\t\t\t\t<\/div>\n\t\t<\/section>\n\t\t\t\t<section class=\"elementor-section elementor-top-section elementor-element elementor-element-118f0d90 elementor-section-boxed elementor-section-height-default elementor-section-height-default sc_fly_static\" data-id=\"118f0d90\" data-element_type=\"section\" data-e-type=\"section\">\n\t\t\t\t\t\t<div class=\"elementor-container elementor-column-gap-extended\">\n\t\t\t\t\t<div class=\"elementor-column elementor-col-100 elementor-top-column elementor-element elementor-element-35b96a3b sc_content_align_inherit sc_layouts_column_icons_position_left sc_fly_static\" data-id=\"35b96a3b\" data-element_type=\"column\" data-e-type=\"column\">\n\t\t\t<div class=\"elementor-widget-wrap elementor-element-populated\">\n\t\t\t\t\t\t<div class=\"elementor-element elementor-element-5dfbe64e sc_fly_static elementor-widget elementor-widget-heading\" data-id=\"5dfbe64e\" data-element_type=\"widget\" data-e-type=\"widget\" data-widget_type=\"heading.default\">\n\t\t\t\t<div class=\"elementor-widget-container\">\n\t\t\t\t\t<h2 class=\"elementor-heading-title elementor-size-default\">Distribuci\u00f3n Nacional Y Alcance<\/h2>\t\t\t\t<\/div>\n\t\t\t\t<\/div>\n\t\t\t\t<div class=\"elementor-element elementor-element-3a2d16d0 sc_height_tiny sc_fly_static elementor-widget elementor-widget-spacer\" data-id=\"3a2d16d0\" data-element_type=\"widget\" data-e-type=\"widget\" data-widget_type=\"spacer.default\">\n\t\t\t\t<div class=\"elementor-widget-container\">\n\t\t\t\t\t\t\t<div class=\"elementor-spacer\">\n\t\t\t<div class=\"elementor-spacer-inner\"><\/div>\n\t\t<\/div>\n\t\t\t\t\t\t<\/div>\n\t\t\t\t<\/div>\n\t\t\t\t\t<\/div>\n\t\t<\/div>\n\t\t\t\t\t<\/div>\n\t\t<\/section>\n\t\t\t\t<section class=\"elementor-section elementor-top-section elementor-element elementor-element-432e85d elementor-section-boxed elementor-section-height-default elementor-section-height-default sc_fly_static\" data-id=\"432e85d\" data-element_type=\"section\" data-e-type=\"section\">\n\t\t\t\t\t\t<div class=\"elementor-container elementor-column-gap-extended\">\n\t\t\t\t\t<div class=\"elementor-column elementor-col-100 elementor-top-column elementor-element elementor-element-689a696 sc-mobile_content_align_inherit sc-mobile_layouts_column_align_left sc_layouts_column sc_content_align_inherit sc_layouts_column_icons_position_left sc_fly_static\" data-id=\"689a696\" data-element_type=\"column\" data-e-type=\"column\">\n\t\t\t<div class=\"elementor-widget-wrap elementor-element-populated\">\n\t\t\t\t\t\t<div class=\"elementor-element elementor-element-869f055 sc_fly_static elementor-widget elementor-widget-image\" data-id=\"869f055\" data-element_type=\"widget\" data-e-type=\"widget\" data-widget_type=\"image.default\">\n\t\t\t\t<div class=\"elementor-widget-container\">\n\t\t\t\t\t\t\t\t\t\t\t\t\t\t\t<img decoding=\"async\" width=\"1360\" height=\"500\" src=\"https:\/\/www.importex.com.co\/es\/wp-content\/uploads\/2026\/01\/Importex-Logistica-Colombia-1.png\" class=\"attachment-full size-full wp-image-22764\" alt=\"\" srcset=\"https:\/\/www.importex.com.co\/es\/wp-content\/uploads\/2026\/01\/Importex-Logistica-Colombia-1.png 1360w, https:\/\/www.importex.com.co\/es\/wp-content\/uploads\/2026\/01\/Importex-Logistica-Colombia-1-300x110.png 300w, https:\/\/www.importex.com.co\/es\/wp-content\/uploads\/2026\/01\/Importex-Logistica-Colombia-1-1024x376.png 1024w, https:\/\/www.importex.com.co\/es\/wp-content\/uploads\/2026\/01\/Importex-Logistica-Colombia-1-768x282.png 768w, https:\/\/www.importex.com.co\/es\/wp-content\/uploads\/2026\/01\/Importex-Logistica-Colombia-1-370x136.png 370w, https:\/\/www.importex.com.co\/es\/wp-content\/uploads\/2026\/01\/Importex-Logistica-Colombia-1-840x309.png 840w, https:\/\/www.importex.com.co\/es\/wp-content\/uploads\/2026\/01\/Importex-Logistica-Colombia-1-410x151.png 410w\" sizes=\"(max-width: 1360px) 100vw, 1360px\" \/>\t\t\t\t\t\t\t\t\t\t\t\t\t\t\t<\/div>\n\t\t\t\t<\/div>\n\t\t\t\t<div class=\"elementor-element elementor-element-eb45904 sc_height_huge sc_fly_static elementor-widget elementor-widget-spacer\" data-id=\"eb45904\" data-element_type=\"widget\" data-e-type=\"widget\" data-widget_type=\"spacer.default\">\n\t\t\t\t<div class=\"elementor-widget-container\">\n\t\t\t\t\t\t\t<div class=\"elementor-spacer\">\n\t\t\t<div class=\"elementor-spacer-inner\"><\/div>\n\t\t<\/div>\n\t\t\t\t\t\t<\/div>\n\t\t\t\t<\/div>\n\t\t\t\t\t<\/div>\n\t\t<\/div>\n\t\t\t\t\t<\/div>\n\t\t<\/section>\n\t\t\t\t<\/div>\n\t\t","protected":false},"excerpt":{"rendered":"<p>Coordinamos operaciones locales e internacionales con una log\u00edstica flexible y din\u00e1mica, ajustada a cualquier destino o volumen. Distribuci\u00f3n Nacional Y Alcance<\/p>\n","protected":false},"author":1,"featured_media":0,"parent":0,"menu_order":0,"comment_status":"closed","ping_status":"closed","template":"","meta":{"footnotes":""},"class_list":["post-18931","page","type-page","status-publish","hentry"],"_links":{"self":[{"href":"https:\/\/www.importex.com.co\/es\/wp-json\/wp\/v2\/pages\/18931","targetHints":{"allow":["GET"]}}],"collection":[{"href":"https:\/\/www.importex.com.co\/es\/wp-json\/wp\/v2\/pages"}],"about":[{"href":"https:\/\/www.importex.com.co\/es\/wp-json\/wp\/v2\/types\/page"}],"author":[{"embeddable":true,"href":"https:\/\/www.importex.com.co\/es\/wp-json\/wp\/v2\/users\/1"}],"replies":[{"embeddable":true,"href":"https:\/\/www.importex.com.co\/es\/wp-json\/wp\/v2\/comments?post=18931"}],"version-history":[{"count":0,"href":"https:\/\/www.importex.com.co\/es\/wp-json\/wp\/v2\/pages\/18931\/revisions"}],"wp:attachment":[{"href":"https:\/\/www.importex.com.co\/es\/wp-json\/wp\/v2\/media?parent=18931"}],"curies":[{"name":"wp","href":"https:\/\/api.w.org\/{rel}","templated":true}]}}